{"id":8326,"date":"2024-06-20T08:56:49","date_gmt":"2024-06-20T08:56:49","guid":{"rendered":"https:\/\/www.vintagebrandbag.com\/?post_type=product&#038;p=8326"},"modified":"2024-06-24T09:52:02","modified_gmt":"2024-06-24T09:52:02","slug":"christian-dior-romantique-trotter-bag","status":"publish","type":"product","link":"https:\/\/www.vintagebrandbag.com\/de\/produkt\/christian-dior-romantique-trotter-tasche\/","title":{"rendered":"CHRISTIAN DIOR Romantique Trotter-Tasche"},"content":{"rendered":"<h3>Partnerschaft und Vertretung<\/h3>\n<p>Wir sind stolz darauf, Partner und Vertreter unserer schwedischen Marktpartner in den USA, Gro\u00dfbritannien und Australien zu sein. Eink\u00e4ufe werden direkt \u00fcber die Website unseres Partners get\u00e4tigt, wodurch die Echtheit und hohe Qualit\u00e4t der Produkte gew\u00e4hrleistet wird.<\/p>\n<h3>CHRISTIAN DIOR Romantique Trotter Bag \u2013 Lange Beschreibung<\/h3>\n<p>Wir pr\u00e4sentieren das exquisite <strong>CHRISTIAN DIOR Romantique Trotter-Tasche<\/strong>, ein atemberaubendes St\u00fcck, das die zeitlose Eleganz und hervorragende Handwerkskunst der Marke Dior verk\u00f6rpert. Diese Tasche ist eine perfekte Mischung aus klassischem Stil und moderner Raffinesse und ist damit ein Muss f\u00fcr jeden Modeliebhaber oder Sammler.<\/p>\n<p>Die Romantique Trotter Bag ist aus beigefarbenem, schr\u00e4gem, beschichtetem Canvas gefertigt und verf\u00fcgt \u00fcber luxuri\u00f6se silberfarbene Beschl\u00e4ge, die ihr edles Aussehen unterstreichen. Die beiden flachen Griffe bieten bequeme Tragem\u00f6glichkeiten, w\u00e4hrend das farblich passende Futter und die Innentasche praktische Aufbewahrungsm\u00f6glichkeiten bieten. Dieses Vintage-St\u00fcck zeigt das ikonische schr\u00e4ge Dior-Muster, ein Symbol f\u00fcr das reiche Erbe und die anhaltende Anziehungskraft der Marke.<\/p>\n<p><strong>Zustandsdetails:<\/strong><\/p>\n<ul>\n<li><strong>Allgemeiner Gebrauchtzustand:<\/strong> Sehr gut<\/li>\n<li><strong>\u00c4u\u00dferer Zustand:<\/strong> Sehr gut, mit kleinen Flecken auf der Unterseite und R\u00fcckseite und einem leicht besch\u00e4digten Blumendetail.<\/li>\n<li><strong>Zustand Inneres:<\/strong> Sehr gut, mit leichten Gebrauchsspuren und kleinen Flecken.<\/li>\n<li><strong>Hardware:<\/strong> Gl\u00e4nzend mit leichten Kratzern, beh\u00e4lt aber sein elegantes Aussehen.<\/li>\n<\/ul>\n<p><strong>Ma\u00dfe:<\/strong><\/p>\n<ul>\n<li>H\u00f6he: 12 cm<\/li>\n<li>Breite: 23 cm<\/li>\n<li>Tiefe: 12 cm<\/li>\n<li>Griffabstand: 10 cm<\/li>\n<\/ul>\n<p>Diese Tasche wird ohne weiteres Zubeh\u00f6r geliefert und in Italien hergestellt, was das Engagement der Marke f\u00fcr Qualit\u00e4t und Handwerkskunst widerspiegelt.<\/p>\n<p><strong>Interessante Fakten:<\/strong><\/p>\n<ul>\n<li>Die Romantique Trotter Bag ist Teil der ikonischen Kollektion von Dior, die die Hingabe der Marke zu komplizierten Designs und luxuri\u00f6sen Materialien unterstreicht.<\/li>\n<li>Das schr\u00e4ge Muster, das erstmals in den 1960er-Jahren eingef\u00fchrt wurde, ist nach wie vor ein charakteristisches Element der \u00c4sthetik von Dior und steht sowohl f\u00fcr Tradition als auch f\u00fcr Innovation.<\/li>\n<li>Dior wurde 1946 von Christian Dior gegr\u00fcndet und ist zum Synonym f\u00fcr Eleganz und Kultiviertheit geworden. Die Marke kleidete einige der einflussreichsten Pers\u00f6nlichkeiten der Modegeschichte ein.<\/li>\n<\/ul>\n<p>Bitte beachten Sie, dass die meisten unserer Artikel Vintage sind und eine einzigartige Geschichte haben, die sich in ihrem Charakter widerspiegelt. Sehen Sie sich die bereitgestellten Bilder, Beschreibungen und Ma\u00dfe an, um die Geschichte zu verstehen, die jeder Artikel erz\u00e4hlt. <em>Beim Kauf eines Vintage-Produkts k\u00f6nnen die Abmessungen aufgrund vorheriger Pflege und Lagerung leicht von neuen Produkten abweichen.<\/em><\/p>\n<p>Erweitern Sie Ihre Sammlung mit dem <strong>CHRISTIAN DIOR Romantique Trotter-Tasche<\/strong>\u2013 ein zeitloses St\u00fcck, das praktische Eleganz mit einem Hauch Modegeschichte verbindet.<\/p>","protected":false},"excerpt":{"rendered":"<p>CHRISTIAN DIOR Romantique Trotter-Tasche<\/p>\n<p>\u2013 Silberfarbene Hardware<br \/>\n\u2013 Beiges, schr\u00e4g beschichtetes Canvas<br \/>\n\u2013 Zwei flache Griffe<br \/>\n\u2013 Ton in Ton gehaltenes Futter mit einer Innentasche<br \/>\n- Jahrgang<\/p>\n<p>Gesamtzustand des Gebrauchtwagens: Sehr gut.<br \/>\n\u00c4u\u00dferer Zustand: Sehr gut. Kleine Flecken auf der Unterseite und der R\u00fcckseite. Blume leicht besch\u00e4digt.<br \/>\nZustand des Innenraums: Sehr gut. Leichte Gebrauchsspuren mit geringf\u00fcgigen Flecken.<br \/>\nHardware: Gl\u00e4nzend mit leichten Kratzern.<\/p>\n<p>Lieferung ohne Zubeh\u00f6r<br \/>\nHergestellt in Italien<\/p>\n<p>Ma\u00dfe:<br \/>\nH\u00f6he 12 cm<br \/>\nBreite 23 cm<br \/>\nTiefe 12 cm<br \/>\nGriffl\u00e4nge 10 cm<\/p>\n<p>Bitte beachten Sie, dass die meisten unserer Artikel Vintage sind und daher Geschichten zu erz\u00e4hlen haben, sofern nicht anders angegeben. Sehen Sie sich daher bitte die bereitgestellten Bilder, Beschreibungen und Ma\u00dfe an, da diese Ihnen die beste Vorstellung von der Geschichte vermitteln, die dieser Artikel zu erz\u00e4hlen hat.<br \/>\n* Bitte beachten Sie, dass beim Kauf eines Vintage-Produktes die Ma\u00dfe je nach bisheriger Pflege und Lagerung leicht von einem neuen Produkt abweichen k\u00f6nnen.<\/p>","protected":false},"featured_media":11156,"comment_status":"closed","ping_status":"closed","template":"","meta":[],"product_brand":[],"product_cat":[118,124,125],"product_tag":[148],"class_list":{"0":"post-8326","1":"product","2":"type-product","3":"status-publish","4":"has-post-thumbnail","6":"product_cat-christian-dior","7":"product_cat-totes","8":"product_cat-weekend-bags","9":"product_tag-christian-dior","10":"pa_gender-unisex","12":"first","13":"instock","14":"product-type-external"},"yoast_head":"<!-- This site is optimized with the Yoast SEO plugin v22.9 - https:\/\/yoast.com\/wordpress\/plugins\/seo\/ -->\n<title>CHRISTIAN DIOR Romantique Trotter Bag &#8226; Vintage Brand Bag<\/title>\n<meta name=\"description\" content=\"Discover the timeless elegance of our Vintage Christian Dior Bag, Vintage Totes, Vintage Weekend Bags . Perfect for adding a touch of classic style to any outfit, our curated collection features authentic, high-quality pieces that stand the test of time.\" \/>\n<meta name=\"robots\" content=\"index, follow, max-snippet:-1, max-image-preview:large, max-video-preview:-1\" \/>\n<link rel=\"canonical\" href=\"https:\/\/www.vintagebrandbag.com\/de\/christian-dior-romantique-trotter-bag\/\" \/>\n<meta property=\"og:locale\" content=\"de_DE\" \/>\n<meta property=\"og:type\" content=\"article\" \/>\n<meta property=\"og:title\" content=\"CHRISTIAN DIOR Romantique Trotter Bag &#8226; Vintage Brand Bag\" \/>\n<meta property=\"og:description\" content=\"Discover the timeless elegance of our Vintage Christian Dior Bag, Vintage Totes, Vintage Weekend Bags . Perfect for adding a touch of classic style to any outfit, our curated collection features authentic, high-quality pieces that stand the test of time.\" \/>\n<meta property=\"og:url\" content=\"https:\/\/www.vintagebrandbag.com\/de\/christian-dior-romantique-trotter-bag\/\" \/>\n<meta property=\"og:site_name\" content=\"Vintage Brand Bag\" \/>\n<meta property=\"article:modified_time\" content=\"2024-06-24T09:52:02+00:00\" \/>\n<meta property=\"og:image\" content=\"https:\/\/www.vintagebrandbag.com\/wp-content\/uploads\/2024\/06\/f-b-original-scaled.jpeg\" \/>\n\t<meta property=\"og:image:width\" content=\"2048\" \/>\n\t<meta property=\"og:image:height\" content=\"2560\" \/>\n\t<meta property=\"og:image:type\" content=\"image\/jpeg\" \/>\n<meta name=\"twitter:card\" content=\"summary_large_image\" \/>\n<meta name=\"twitter:label1\" content=\"Gesch\u00e4tzte Lesezeit\" \/>\n\t<meta name=\"twitter:data1\" content=\"2\u00a0Minuten\" \/>\n<script type=\"application\/ld+json\" class=\"yoast-schema-graph\">{\"@context\":\"https:\/\/schema.org\",\"@graph\":[{\"@type\":\"WebPage\",\"@id\":\"https:\/\/www.vintagebrandbag.com\/christian-dior-romantique-trotter-bag\/\",\"url\":\"https:\/\/www.vintagebrandbag.com\/christian-dior-romantique-trotter-bag\/\",\"name\":\"CHRISTIAN DIOR Romantique Trotter Bag &#8226; Vintage Brand Bag\",\"isPartOf\":{\"@id\":\"https:\/\/www.vintagebrandbag.com\/#website\"},\"primaryImageOfPage\":{\"@id\":\"https:\/\/www.vintagebrandbag.com\/christian-dior-romantique-trotter-bag\/#primaryimage\"},\"image\":{\"@id\":\"https:\/\/www.vintagebrandbag.com\/christian-dior-romantique-trotter-bag\/#primaryimage\"},\"thumbnailUrl\":\"https:\/\/www.vintagebrandbag.com\/wp-content\/uploads\/2024\/06\/f-b-original-scaled.jpeg\",\"datePublished\":\"2024-06-20T08:56:49+00:00\",\"dateModified\":\"2024-06-24T09:52:02+00:00\",\"description\":\"Discover the timeless elegance of our Vintage Christian Dior Bag, Vintage Totes, Vintage Weekend Bags . Perfect for adding a touch of classic style to any outfit, our curated collection features authentic, high-quality pieces that stand the test of time.\",\"breadcrumb\":{\"@id\":\"https:\/\/www.vintagebrandbag.com\/christian-dior-romantique-trotter-bag\/#breadcrumb\"},\"inLanguage\":\"de\",\"potentialAction\":[{\"@type\":\"ReadAction\",\"target\":[\"https:\/\/www.vintagebrandbag.com\/christian-dior-romantique-trotter-bag\/\"]}]},{\"@type\":\"ImageObject\",\"inLanguage\":\"de\",\"@id\":\"https:\/\/www.vintagebrandbag.com\/christian-dior-romantique-trotter-bag\/#primaryimage\",\"url\":\"https:\/\/www.vintagebrandbag.com\/wp-content\/uploads\/2024\/06\/f-b-original-scaled.jpeg\",\"contentUrl\":\"https:\/\/www.vintagebrandbag.com\/wp-content\/uploads\/2024\/06\/f-b-original-scaled.jpeg\",\"width\":2048,\"height\":2560,\"caption\":\"CHRISTIAN DIOR Romantique Trotter Bag\"},{\"@type\":\"BreadcrumbList\",\"@id\":\"https:\/\/www.vintagebrandbag.com\/christian-dior-romantique-trotter-bag\/#breadcrumb\",\"itemListElement\":[{\"@type\":\"ListItem\",\"position\":1,\"name\":\"Home\",\"item\":\"https:\/\/www.vintagebrandbag.com\/\"},{\"@type\":\"ListItem\",\"position\":2,\"name\":\"Home\",\"item\":\"https:\/\/www.vintagebrandbag.com\/home-v7\/\"},{\"@type\":\"ListItem\",\"position\":3,\"name\":\"CHRISTIAN DIOR Romantique Trotter Bag\"}]},{\"@type\":\"WebSite\",\"@id\":\"https:\/\/www.vintagebrandbag.com\/#website\",\"url\":\"https:\/\/www.vintagebrandbag.com\/\",\"name\":\"Vintage Brand Bag\",\"description\":\"\",\"potentialAction\":[{\"@type\":\"SearchAction\",\"target\":{\"@type\":\"EntryPoint\",\"urlTemplate\":\"https:\/\/www.vintagebrandbag.com\/?s={search_term_string}\"},\"query-input\":\"required name=search_term_string\"}],\"inLanguage\":\"de\"}]}<\/script>\n<!-- \/ Yoast SEO plugin. -->","yoast_head_json":{"title":"CHRISTIAN DIOR Romantique Trotter Bag &#8226; Vintage Brand Bag","description":"Discover the timeless elegance of our Vintage Christian Dior Bag, Vintage Totes, Vintage Weekend Bags . Perfect for adding a touch of classic style to any outfit, our curated collection features authentic, high-quality pieces that stand the test of time.","robots":{"index":"index","follow":"follow","max-snippet":"max-snippet:-1","max-image-preview":"max-image-preview:large","max-video-preview":"max-video-preview:-1"},"canonical":"https:\/\/www.vintagebrandbag.com\/de\/christian-dior-romantique-trotter-bag\/","og_locale":"de_DE","og_type":"article","og_title":"CHRISTIAN DIOR Romantique Trotter Bag &#8226; Vintage Brand Bag","og_description":"Discover the timeless elegance of our Vintage Christian Dior Bag, Vintage Totes, Vintage Weekend Bags . Perfect for adding a touch of classic style to any outfit, our curated collection features authentic, high-quality pieces that stand the test of time.","og_url":"https:\/\/www.vintagebrandbag.com\/de\/christian-dior-romantique-trotter-bag\/","og_site_name":"Vintage Brand Bag","article_modified_time":"2024-06-24T09:52:02+00:00","og_image":[{"width":2048,"height":2560,"url":"https:\/\/www.vintagebrandbag.com\/wp-content\/uploads\/2024\/06\/f-b-original-scaled.jpeg","type":"image\/jpeg"}],"twitter_card":"summary_large_image","twitter_misc":{"Gesch\u00e4tzte Lesezeit":"2\u00a0Minuten"},"schema":{"@context":"https:\/\/schema.org","@graph":[{"@type":"WebPage","@id":"https:\/\/www.vintagebrandbag.com\/christian-dior-romantique-trotter-bag\/","url":"https:\/\/www.vintagebrandbag.com\/christian-dior-romantique-trotter-bag\/","name":"CHRISTIAN DIOR Romantique Trotter Bag &#8226; Vintage Brand Bag","isPartOf":{"@id":"https:\/\/www.vintagebrandbag.com\/#website"},"primaryImageOfPage":{"@id":"https:\/\/www.vintagebrandbag.com\/christian-dior-romantique-trotter-bag\/#primaryimage"},"image":{"@id":"https:\/\/www.vintagebrandbag.com\/christian-dior-romantique-trotter-bag\/#primaryimage"},"thumbnailUrl":"https:\/\/www.vintagebrandbag.com\/wp-content\/uploads\/2024\/06\/f-b-original-scaled.jpeg","datePublished":"2024-06-20T08:56:49+00:00","dateModified":"2024-06-24T09:52:02+00:00","description":"Discover the timeless elegance of our Vintage Christian Dior Bag, Vintage Totes, Vintage Weekend Bags . Perfect for adding a touch of classic style to any outfit, our curated collection features authentic, high-quality pieces that stand the test of time.","breadcrumb":{"@id":"https:\/\/www.vintagebrandbag.com\/christian-dior-romantique-trotter-bag\/#breadcrumb"},"inLanguage":"de","potentialAction":[{"@type":"ReadAction","target":["https:\/\/www.vintagebrandbag.com\/christian-dior-romantique-trotter-bag\/"]}]},{"@type":"ImageObject","inLanguage":"de","@id":"https:\/\/www.vintagebrandbag.com\/christian-dior-romantique-trotter-bag\/#primaryimage","url":"https:\/\/www.vintagebrandbag.com\/wp-content\/uploads\/2024\/06\/f-b-original-scaled.jpeg","contentUrl":"https:\/\/www.vintagebrandbag.com\/wp-content\/uploads\/2024\/06\/f-b-original-scaled.jpeg","width":2048,"height":2560,"caption":"CHRISTIAN DIOR Romantique Trotter Bag"},{"@type":"BreadcrumbList","@id":"https:\/\/www.vintagebrandbag.com\/christian-dior-romantique-trotter-bag\/#breadcrumb","itemListElement":[{"@type":"ListItem","position":1,"name":"Home","item":"https:\/\/www.vintagebrandbag.com\/"},{"@type":"ListItem","position":2,"name":"Home","item":"https:\/\/www.vintagebrandbag.com\/home-v7\/"},{"@type":"ListItem","position":3,"name":"CHRISTIAN DIOR Romantique Trotter Bag"}]},{"@type":"WebSite","@id":"https:\/\/www.vintagebrandbag.com\/#website","url":"https:\/\/www.vintagebrandbag.com\/","name":"Vintage Brand Bag","description":"","potentialAction":[{"@type":"SearchAction","target":{"@type":"EntryPoint","urlTemplate":"https:\/\/www.vintagebrandbag.com\/?s={search_term_string}"},"query-input":"required name=search_term_string"}],"inLanguage":"de"}]}},"_links":{"self":[{"href":"https:\/\/www.vintagebrandbag.com\/de\/wp-json\/wp\/v2\/product\/8326","targetHints":{"allow":["GET"]}}],"collection":[{"href":"https:\/\/www.vintagebrandbag.com\/de\/wp-json\/wp\/v2\/product"}],"about":[{"href":"https:\/\/www.vintagebrandbag.com\/de\/wp-json\/wp\/v2\/types\/product"}],"replies":[{"embeddable":true,"href":"https:\/\/www.vintagebrandbag.com\/de\/wp-json\/wp\/v2\/comments?post=8326"}],"version-history":[{"count":2,"href":"https:\/\/www.vintagebrandbag.com\/de\/wp-json\/wp\/v2\/product\/8326\/revisions"}],"predecessor-version":[{"id":8361,"href":"https:\/\/www.vintagebrandbag.com\/de\/wp-json\/wp\/v2\/product\/8326\/revisions\/8361"}],"wp:featuredmedia":[{"embeddable":true,"href":"https:\/\/www.vintagebrandbag.com\/de\/wp-json\/wp\/v2\/media\/11156"}],"wp:attachment":[{"href":"https:\/\/www.vintagebrandbag.com\/de\/wp-json\/wp\/v2\/media?parent=8326"}],"wp:term":[{"taxonomy":"product_brand","embeddable":true,"href":"https:\/\/www.vintagebrandbag.com\/de\/wp-json\/wp\/v2\/product_brand?post=8326"},{"taxonomy":"product_cat","embeddable":true,"href":"https:\/\/www.vintagebrandbag.com\/de\/wp-json\/wp\/v2\/product_cat?post=8326"},{"taxonomy":"product_tag","embeddable":true,"href":"https:\/\/www.vintagebrandbag.com\/de\/wp-json\/wp\/v2\/product_tag?post=8326"}],"curies":[{"name":"wp","href":"https:\/\/api.w.org\/{rel}","templated":true}]}}