{"id":3853,"date":"2024-06-20T08:10:37","date_gmt":"2024-06-20T08:10:37","guid":{"rendered":"https:\/\/www.vintagebrandbag.com\/?post_type=product&#038;p=3853"},"modified":"2024-07-13T08:22:58","modified_gmt":"2024-07-13T08:22:58","slug":"louis-vuitton-monogram-mini-pochette-accessoires","status":"publish","type":"product","link":"https:\/\/www.vintagebrandbag.com\/de\/produkt\/louis-vuitton-monogram-mini-pochette-accessoires\/","title":{"rendered":"LOUIS VUITTON Monogram Mini Pochette Accessoires"},"content":{"rendered":"<p>Einf\u00fchrung der <strong>LOUIS VUITTON Monogram Mini Pochette Accessoires<\/strong>, a stylish and versatile accessory that epitomizes the luxurious craftsmanship and iconic design of Louis Vuitton. Crafted from the signature monogram canvas and accented with brass hardware, this mini pochette is both elegant and practical, making it a perfect addition to any collection.<\/p>\n<p>The bag features a single chain handle that allows for easy carrying, while the brown canvas interior provides a chic and durable lining. The zip closure at the top ensures your belongings are secure yet easily accessible. This vintage piece showcases the timeless appeal and quality that Louis Vuitton is celebrated for.<\/p>\n<p><strong>Zustandsdetails:<\/strong><\/p>\n<ul>\n<li><strong>Allgemeiner Gebrauchtzustand:<\/strong> Sehr gut<\/li>\n<li><strong>\u00c4u\u00dferer Zustand:<\/strong> Very Good, with no visible damage or scratches, maintaining its pristine look.<\/li>\n<li><strong>Zustand Inneres:<\/strong> Very Good, clean and free of any marks, reflecting careful use.<\/li>\n<li><strong>Hardware:<\/strong> Some discoloration, preserving its vintage charm.<\/li>\n<\/ul>\n<p>This vintage Louis Vuitton mini pochette is delivered without any additional accessories but proudly showcases the exceptional craftsmanship and attention to detail that Louis Vuitton is renowned for. Made in France, it includes its original serial number: FL 1014, verifying its authenticity.<\/p>\n<p><strong>Ma\u00dfe:<\/strong><\/p>\n<ul>\n<li>Height: 10 cm<\/li>\n<li>Width: 15 cm<\/li>\n<li>Tiefe: 2 cm<\/li>\n<li>Handle Drop: 15 cm<\/li>\n<\/ul>\n<p><strong>Interessante Fakten:<\/strong><\/p>\n<ul>\n<li>Louis Vuitton wurde 1854 gegr\u00fcndet und ist f\u00fcr seine innovativen Designs und hochwertige Handwerkskunst bekannt. Die Marke hat immer wieder Ma\u00dfst\u00e4be f\u00fcr Luxusmode gesetzt und ist nach wie vor bei Modebegeisterten weltweit beliebt.<\/li>\n<li>The Monogram Mini Pochette Accessoires is a versatile piece that can be used as a small handbag, a clutch, or an accessory to a larger bag, showcasing its multifunctional design.<\/li>\n<li>The combination of the monogram canvas and brass hardware gives the bag a classic and sophisticated look, suitable for both casual and formal occasions.<\/li>\n<\/ul>\n<p>Bitte beachten Sie, dass die meisten unserer Artikel Vintage sind und eine einzigartige Geschichte haben, die sich in ihrem Charakter widerspiegelt. Sehen Sie sich die bereitgestellten Bilder, Beschreibungen und Ma\u00dfe an, um die Geschichte zu verstehen, die jeder Artikel erz\u00e4hlt. <em>Beim Kauf eines Vintage-Produkts k\u00f6nnen die Abmessungen aufgrund vorheriger Pflege und Lagerung leicht von neuen Produkten abweichen.<\/em><\/p>\n<p>Erweitern Sie Ihre Sammlung mit dem <strong>LOUIS VUITTON Monogram Mini Pochette Accessoires<\/strong>\u2013 ein zeitloses St\u00fcck, das Luxus, Funktionalit\u00e4t und einen Hauch Modegeschichte vereint.<\/p>","protected":false},"excerpt":{"rendered":"<p>LOUIS VUITTON Monogram Mini Pochette Accessoires<\/p>\n<p>&#8211; Brass hardware<br \/>\n&#8211; Single chain handle, brown canvas interior and zip closure at top<br \/>\n- Jahrgang<\/p>\n<p>Allgemeiner Gebrauchtzustand: Sehr gut<br \/>\nExterior Condition: Very Good. No visible damage or scratches.<br \/>\nInterior Condition: Very Good. Clean and without any marks.<br \/>\nHardware: Some discolored.<\/p>\n<p>Delivered without accessories<br \/>\nMade In France<br \/>\nSerial number: FL 1014<\/p>\n<p>Ma\u00dfe:<br \/>\nHeight 10 cm<br \/>\nWidth 15 cm<br \/>\nTiefe 2 cm<br \/>\nHandle drop 15 cm<\/p>\n<p>Bitte beachten Sie, dass die meisten unserer Artikel Vintage sind und daher Geschichten zu erz\u00e4hlen haben, sofern nicht anders angegeben. Sehen Sie sich daher bitte die bereitgestellten Bilder, Beschreibungen und Ma\u00dfe an, da diese Ihnen die beste Vorstellung von der Geschichte vermitteln, die dieser Artikel zu erz\u00e4hlen hat.<\/p>","protected":false},"featured_media":11333,"comment_status":"closed","ping_status":"closed","template":"","meta":[],"product_brand":[],"product_cat":[110,122],"product_tag":[149],"class_list":{"0":"post-3853","1":"product","2":"type-product","3":"status-publish","4":"has-post-thumbnail","6":"product_cat-louis-vuitton","7":"product_cat-shoulder-bags","8":"product_tag-louis-vuitton","9":"pa_gender-unisex","11":"first","12":"instock","13":"product-type-external"},"yoast_head":"<!-- This site is optimized with the Yoast SEO plugin v22.9 - https:\/\/yoast.com\/wordpress\/plugins\/seo\/ -->\n<title>LOUIS VUITTON Monogram Mini Pochette Accessoires &#8226; Vintage Brand Bag<\/title>\n<meta name=\"description\" content=\"Discover the timeless elegance of our Vintage Louis Vuitton Bag, Vintage Shoulder Bags . Perfect for adding a touch of classic style to any outfit, our curated collection features authentic, high-quality pieces that stand the test of time.\" \/>\n<meta name=\"robots\" content=\"index, follow, max-snippet:-1, max-image-preview:large, max-video-preview:-1\" \/>\n<link rel=\"canonical\" href=\"https:\/\/www.vintagebrandbag.com\/de\/louis-vuitton-monogram-mini-pochette-accessoires\/\" \/>\n<meta property=\"og:locale\" content=\"de_DE\" \/>\n<meta property=\"og:type\" content=\"article\" \/>\n<meta property=\"og:title\" content=\"LOUIS VUITTON Monogram Mini Pochette Accessoires &#8226; Vintage Brand Bag\" \/>\n<meta property=\"og:description\" content=\"Discover the timeless elegance of our Vintage Louis Vuitton Bag, Vintage Shoulder Bags . Perfect for adding a touch of classic style to any outfit, our curated collection features authentic, high-quality pieces that stand the test of time.\" \/>\n<meta property=\"og:url\" content=\"https:\/\/www.vintagebrandbag.com\/de\/louis-vuitton-monogram-mini-pochette-accessoires\/\" \/>\n<meta property=\"og:site_name\" content=\"Vintage Brand Bag\" \/>\n<meta property=\"article:modified_time\" content=\"2024-07-13T08:22:58+00:00\" \/>\n<meta property=\"og:image\" content=\"https:\/\/www.vintagebrandbag.com\/wp-content\/uploads\/2024\/06\/e-b-bd-original.jpeg\" \/>\n\t<meta property=\"og:image:width\" content=\"1200\" \/>\n\t<meta property=\"og:image:height\" content=\"1200\" \/>\n\t<meta property=\"og:image:type\" content=\"image\/jpeg\" \/>\n<meta name=\"twitter:card\" content=\"summary_large_image\" \/>\n<meta name=\"twitter:label1\" content=\"Gesch\u00e4tzte Lesezeit\" \/>\n\t<meta name=\"twitter:data1\" content=\"2\u00a0Minuten\" \/>\n<script type=\"application\/ld+json\" class=\"yoast-schema-graph\">{\"@context\":\"https:\/\/schema.org\",\"@graph\":[{\"@type\":\"WebPage\",\"@id\":\"https:\/\/www.vintagebrandbag.com\/louis-vuitton-monogram-mini-pochette-accessoires\/\",\"url\":\"https:\/\/www.vintagebrandbag.com\/louis-vuitton-monogram-mini-pochette-accessoires\/\",\"name\":\"LOUIS VUITTON Monogram Mini Pochette Accessoires &#8226; Vintage Brand Bag\",\"isPartOf\":{\"@id\":\"https:\/\/www.vintagebrandbag.com\/#website\"},\"primaryImageOfPage\":{\"@id\":\"https:\/\/www.vintagebrandbag.com\/louis-vuitton-monogram-mini-pochette-accessoires\/#primaryimage\"},\"image\":{\"@id\":\"https:\/\/www.vintagebrandbag.com\/louis-vuitton-monogram-mini-pochette-accessoires\/#primaryimage\"},\"thumbnailUrl\":\"https:\/\/www.vintagebrandbag.com\/wp-content\/uploads\/2024\/06\/e-b-bd-original.jpeg\",\"datePublished\":\"2024-06-20T08:10:37+00:00\",\"dateModified\":\"2024-07-13T08:22:58+00:00\",\"description\":\"Discover the timeless elegance of our Vintage Louis Vuitton Bag, Vintage Shoulder Bags . Perfect for adding a touch of classic style to any outfit, our curated collection features authentic, high-quality pieces that stand the test of time.\",\"breadcrumb\":{\"@id\":\"https:\/\/www.vintagebrandbag.com\/louis-vuitton-monogram-mini-pochette-accessoires\/#breadcrumb\"},\"inLanguage\":\"de\",\"potentialAction\":[{\"@type\":\"ReadAction\",\"target\":[\"https:\/\/www.vintagebrandbag.com\/louis-vuitton-monogram-mini-pochette-accessoires\/\"]}]},{\"@type\":\"ImageObject\",\"inLanguage\":\"de\",\"@id\":\"https:\/\/www.vintagebrandbag.com\/louis-vuitton-monogram-mini-pochette-accessoires\/#primaryimage\",\"url\":\"https:\/\/www.vintagebrandbag.com\/wp-content\/uploads\/2024\/06\/e-b-bd-original.jpeg\",\"contentUrl\":\"https:\/\/www.vintagebrandbag.com\/wp-content\/uploads\/2024\/06\/e-b-bd-original.jpeg\",\"width\":1200,\"height\":1200,\"caption\":\"LOUIS VUITTON Monogram Mini Pochette Accessoires\"},{\"@type\":\"BreadcrumbList\",\"@id\":\"https:\/\/www.vintagebrandbag.com\/louis-vuitton-monogram-mini-pochette-accessoires\/#breadcrumb\",\"itemListElement\":[{\"@type\":\"ListItem\",\"position\":1,\"name\":\"Home\",\"item\":\"https:\/\/www.vintagebrandbag.com\/\"},{\"@type\":\"ListItem\",\"position\":2,\"name\":\"Home\",\"item\":\"https:\/\/www.vintagebrandbag.com\/home-v7\/\"},{\"@type\":\"ListItem\",\"position\":3,\"name\":\"LOUIS VUITTON Monogram Mini Pochette Accessoires\"}]},{\"@type\":\"WebSite\",\"@id\":\"https:\/\/www.vintagebrandbag.com\/#website\",\"url\":\"https:\/\/www.vintagebrandbag.com\/\",\"name\":\"Vintage Brand Bag\",\"description\":\"\",\"potentialAction\":[{\"@type\":\"SearchAction\",\"target\":{\"@type\":\"EntryPoint\",\"urlTemplate\":\"https:\/\/www.vintagebrandbag.com\/?s={search_term_string}\"},\"query-input\":\"required name=search_term_string\"}],\"inLanguage\":\"de\"}]}<\/script>\n<!-- \/ Yoast SEO plugin. -->","yoast_head_json":{"title":"LOUIS VUITTON Monogram Mini Pochette Accessoires &#8226; Vintage Brand Bag","description":"Discover the timeless elegance of our Vintage Louis Vuitton Bag, Vintage Shoulder Bags . Perfect for adding a touch of classic style to any outfit, our curated collection features authentic, high-quality pieces that stand the test of time.","robots":{"index":"index","follow":"follow","max-snippet":"max-snippet:-1","max-image-preview":"max-image-preview:large","max-video-preview":"max-video-preview:-1"},"canonical":"https:\/\/www.vintagebrandbag.com\/de\/louis-vuitton-monogram-mini-pochette-accessoires\/","og_locale":"de_DE","og_type":"article","og_title":"LOUIS VUITTON Monogram Mini Pochette Accessoires &#8226; Vintage Brand Bag","og_description":"Discover the timeless elegance of our Vintage Louis Vuitton Bag, Vintage Shoulder Bags . Perfect for adding a touch of classic style to any outfit, our curated collection features authentic, high-quality pieces that stand the test of time.","og_url":"https:\/\/www.vintagebrandbag.com\/de\/louis-vuitton-monogram-mini-pochette-accessoires\/","og_site_name":"Vintage Brand Bag","article_modified_time":"2024-07-13T08:22:58+00:00","og_image":[{"width":1200,"height":1200,"url":"https:\/\/www.vintagebrandbag.com\/wp-content\/uploads\/2024\/06\/e-b-bd-original.jpeg","type":"image\/jpeg"}],"twitter_card":"summary_large_image","twitter_misc":{"Gesch\u00e4tzte Lesezeit":"2\u00a0Minuten"},"schema":{"@context":"https:\/\/schema.org","@graph":[{"@type":"WebPage","@id":"https:\/\/www.vintagebrandbag.com\/louis-vuitton-monogram-mini-pochette-accessoires\/","url":"https:\/\/www.vintagebrandbag.com\/louis-vuitton-monogram-mini-pochette-accessoires\/","name":"LOUIS VUITTON Monogram Mini Pochette Accessoires &#8226; Vintage Brand Bag","isPartOf":{"@id":"https:\/\/www.vintagebrandbag.com\/#website"},"primaryImageOfPage":{"@id":"https:\/\/www.vintagebrandbag.com\/louis-vuitton-monogram-mini-pochette-accessoires\/#primaryimage"},"image":{"@id":"https:\/\/www.vintagebrandbag.com\/louis-vuitton-monogram-mini-pochette-accessoires\/#primaryimage"},"thumbnailUrl":"https:\/\/www.vintagebrandbag.com\/wp-content\/uploads\/2024\/06\/e-b-bd-original.jpeg","datePublished":"2024-06-20T08:10:37+00:00","dateModified":"2024-07-13T08:22:58+00:00","description":"Discover the timeless elegance of our Vintage Louis Vuitton Bag, Vintage Shoulder Bags . Perfect for adding a touch of classic style to any outfit, our curated collection features authentic, high-quality pieces that stand the test of time.","breadcrumb":{"@id":"https:\/\/www.vintagebrandbag.com\/louis-vuitton-monogram-mini-pochette-accessoires\/#breadcrumb"},"inLanguage":"de","potentialAction":[{"@type":"ReadAction","target":["https:\/\/www.vintagebrandbag.com\/louis-vuitton-monogram-mini-pochette-accessoires\/"]}]},{"@type":"ImageObject","inLanguage":"de","@id":"https:\/\/www.vintagebrandbag.com\/louis-vuitton-monogram-mini-pochette-accessoires\/#primaryimage","url":"https:\/\/www.vintagebrandbag.com\/wp-content\/uploads\/2024\/06\/e-b-bd-original.jpeg","contentUrl":"https:\/\/www.vintagebrandbag.com\/wp-content\/uploads\/2024\/06\/e-b-bd-original.jpeg","width":1200,"height":1200,"caption":"LOUIS VUITTON Monogram Mini Pochette Accessoires"},{"@type":"BreadcrumbList","@id":"https:\/\/www.vintagebrandbag.com\/louis-vuitton-monogram-mini-pochette-accessoires\/#breadcrumb","itemListElement":[{"@type":"ListItem","position":1,"name":"Home","item":"https:\/\/www.vintagebrandbag.com\/"},{"@type":"ListItem","position":2,"name":"Home","item":"https:\/\/www.vintagebrandbag.com\/home-v7\/"},{"@type":"ListItem","position":3,"name":"LOUIS VUITTON Monogram Mini Pochette Accessoires"}]},{"@type":"WebSite","@id":"https:\/\/www.vintagebrandbag.com\/#website","url":"https:\/\/www.vintagebrandbag.com\/","name":"Vintage Brand Bag","description":"","potentialAction":[{"@type":"SearchAction","target":{"@type":"EntryPoint","urlTemplate":"https:\/\/www.vintagebrandbag.com\/?s={search_term_string}"},"query-input":"required name=search_term_string"}],"inLanguage":"de"}]}},"_links":{"self":[{"href":"https:\/\/www.vintagebrandbag.com\/de\/wp-json\/wp\/v2\/product\/3853","targetHints":{"allow":["GET"]}}],"collection":[{"href":"https:\/\/www.vintagebrandbag.com\/de\/wp-json\/wp\/v2\/product"}],"about":[{"href":"https:\/\/www.vintagebrandbag.com\/de\/wp-json\/wp\/v2\/types\/product"}],"replies":[{"embeddable":true,"href":"https:\/\/www.vintagebrandbag.com\/de\/wp-json\/wp\/v2\/comments?post=3853"}],"version-history":[{"count":3,"href":"https:\/\/www.vintagebrandbag.com\/de\/wp-json\/wp\/v2\/product\/3853\/revisions"}],"predecessor-version":[{"id":11342,"href":"https:\/\/www.vintagebrandbag.com\/de\/wp-json\/wp\/v2\/product\/3853\/revisions\/11342"}],"wp:featuredmedia":[{"embeddable":true,"href":"https:\/\/www.vintagebrandbag.com\/de\/wp-json\/wp\/v2\/media\/11333"}],"wp:attachment":[{"href":"https:\/\/www.vintagebrandbag.com\/de\/wp-json\/wp\/v2\/media?parent=3853"}],"wp:term":[{"taxonomy":"product_brand","embeddable":true,"href":"https:\/\/www.vintagebrandbag.com\/de\/wp-json\/wp\/v2\/product_brand?post=3853"},{"taxonomy":"product_cat","embeddable":true,"href":"https:\/\/www.vintagebrandbag.com\/de\/wp-json\/wp\/v2\/product_cat?post=3853"},{"taxonomy":"product_tag","embeddable":true,"href":"https:\/\/www.vintagebrandbag.com\/de\/wp-json\/wp\/v2\/product_tag?post=3853"}],"curies":[{"name":"wp","href":"https:\/\/api.w.org\/{rel}","templated":true}]}}