{"id":3527,"date":"2024-06-20T08:06:55","date_gmt":"2024-06-20T08:06:55","guid":{"rendered":"https:\/\/www.vintagebrandbag.com\/?post_type=product&#038;p=3527"},"modified":"2024-06-23T10:25:57","modified_gmt":"2024-06-23T10:25:57","slug":"celine-leather-triomphe-crossbody-bag","status":"publish","type":"product","link":"https:\/\/www.vintagebrandbag.com\/de\/produkt\/celine-leather-triomphe-crossbody-bag\/","title":{"rendered":"CELINE Triomphe Umh\u00e4ngetasche aus Leder"},"content":{"rendered":"<p>Einf\u00fchrung der <strong>CELINE Triomphe Umh\u00e4ngetasche aus Leder<\/strong>, a sophisticated and timeless piece that epitomizes the elegance and superior craftsmanship of the Celine brand. This crossbody bag, crafted from premium black leather with brown leather trim, is a perfect blend of classic style and modern functionality, making it an ideal accessory for any occasion.<\/p>\n<p>The bag features gold-tone hardware that enhances its luxurious appearance, while the single flat adjustable shoulder strap provides versatility and comfort. Under the flap, there is a convenient open pocket for easy access to essentials. The interior is lined with black leather and includes a single zip pocket, offering organized storage. The belt closure at the flap adds a unique and secure finishing touch.<\/p>\n<p><strong>Zustandsdetails:<\/strong><\/p>\n<ul>\n<li><strong>Allgemeiner Gebrauchtzustand:<\/strong> Sehr gut<\/li>\n<li><strong>\u00c4u\u00dferer Zustand:<\/strong> Very Good, with light scratches and marks on the leather, adding character without compromising its elegance.<\/li>\n<li><strong>Zustand Inneres:<\/strong> Very Good, with some marks and discoloration, reflecting careful use.<\/li>\n<li><strong>Hardware:<\/strong> Slight fading, maintaining its sophisticated look.<\/li>\n<\/ul>\n<p>This vintage Celine crossbody bag is delivered without any additional accessories but proudly carries the mark of Italian craftsmanship, showcasing the quality and attention to detail that Celine is renowned for.<\/p>\n<p><strong>Ma\u00dfe:<\/strong><\/p>\n<ul>\n<li>H\u00f6he: 15 cm<\/li>\n<li>Width: 18 cm<\/li>\n<li>Tiefe: 5 cm<\/li>\n<li>Shoulder Strap Drop: 55 cm<\/li>\n<\/ul>\n<p><strong>Interessante Fakten:<\/strong><\/p>\n<ul>\n<li>Celine, founded in 1945 by C\u00e9line Vipiana, has a long-standing reputation for producing high-quality, stylish, and innovative designs. The brand is known for its minimalist aesthetic and timeless elegance.<\/li>\n<li>The Triomphe logo, which adorns many of Celine&#8217;s designs, was inspired by the Arc de Triomphe in Paris, symbolizing the brand&#8217;s deep connection to its French heritage.<\/li>\n<li>The crossbody style of this bag offers both practicality and elegance, making it perfect for everyday use and special occasions alike. Its compact size and organized interior make it an ideal companion for those who appreciate both fashion and functionality.<\/li>\n<\/ul>\n<p>Bitte beachten Sie, dass die meisten unserer Artikel Vintage sind und eine einzigartige Geschichte haben, die sich in ihrem Charakter widerspiegelt. Sehen Sie sich die bereitgestellten Bilder, Beschreibungen und Ma\u00dfe an, um die Geschichte zu verstehen, die jeder Artikel erz\u00e4hlt. <em>Beim Kauf eines Vintage-Produkts k\u00f6nnen die Abmessungen aufgrund vorheriger Pflege und Lagerung leicht von neuen Produkten abweichen.<\/em><\/p>\n<p>Erweitern Sie Ihre Sammlung mit dem <strong>CELINE Triomphe Umh\u00e4ngetasche aus Leder<\/strong>\u2013 ein zeitloses St\u00fcck, das Luxus, Funktionalit\u00e4t und einen Hauch Modegeschichte vereint.<\/p>","protected":false},"excerpt":{"rendered":"<p>CELINE Triomphe Umh\u00e4ngetasche aus Leder<\/p>\n<p>\u2013 Goldfarbene Hardware<br \/>\n&#8211; Black leather<br \/>\n&#8211; Brown leather trim<br \/>\n&#8211; Single flat adjustable shoulder strap and single open pocket under flap<br \/>\n&#8211; Black leather lining with single interior zip pocket and belt closure at flap<\/p>\n<p>Gesamtzustand des Gebrauchtwagens: Sehr gut.<br \/>\nExterior Condition: Very Good. Light scratches and marks on leather.<br \/>\nInterior Condition: Very Good. Some marks and discolouration.<br \/>\nHardware: Slight fading.<\/p>\n<p>Lieferung ohne Zubeh\u00f6r<br \/>\nHergestellt in Italien<\/p>\n<p>Ma\u00dfe:<br \/>\nH\u00f6he 15 cm<br \/>\nWidth 18 cm<br \/>\nTiefe 5 cm<br \/>\nShoulder strap drop 55 cm<\/p>\n<p>Bitte beachten Sie, dass die meisten unserer Artikel Vintage sind und daher Geschichten zu erz\u00e4hlen haben, sofern nicht anders angegeben. Schauen Sie sich daher bitte die bereitgestellten Bilder, Beschreibungen und Ma\u00dfe an, da diese Ihnen die beste Vorstellung von der Geschichte vermitteln, die dieser Artikel zu erz\u00e4hlen hat.<\/p>","protected":false},"featured_media":10951,"comment_status":"closed","ping_status":"closed","template":"","meta":[],"product_brand":[],"product_cat":[145,142,116,121],"product_tag":[151],"class_list":{"0":"post-3527","1":"product","2":"type-product","3":"status-publish","4":"has-post-thumbnail","6":"product_cat-celebrity-favorites","7":"product_cat-limited-editions","8":"product_cat-celine","9":"product_cat-crossbody-bags","10":"product_tag-celine","11":"pa_gender-unisex","13":"first","14":"instock","15":"product-type-external"},"yoast_head":"<!-- This site is optimized with the Yoast SEO plugin v22.9 - https:\/\/yoast.com\/wordpress\/plugins\/seo\/ -->\n<title>CELINE Leather Triomphe Crossbody Bag &#8226; Vintage Brand Bag<\/title>\n<meta name=\"description\" content=\"Discover the timeless elegance of our Celebrity Favorites, Limited Editions, Vintage C\u00e9line Bag, Vintage Crossbody Bags . Perfect for adding a touch of classic style to any outfit, our curated collection features authentic, high-quality pieces that stand the test of time.\" \/>\n<meta name=\"robots\" content=\"index, follow, max-snippet:-1, max-image-preview:large, max-video-preview:-1\" \/>\n<link rel=\"canonical\" href=\"https:\/\/www.vintagebrandbag.com\/de\/celine-leather-triomphe-crossbody-bag\/\" \/>\n<meta property=\"og:locale\" content=\"de_DE\" \/>\n<meta property=\"og:type\" content=\"article\" \/>\n<meta property=\"og:title\" content=\"CELINE Leather Triomphe Crossbody Bag &#8226; Vintage Brand Bag\" \/>\n<meta property=\"og:description\" content=\"Discover the timeless elegance of our Celebrity Favorites, Limited Editions, Vintage C\u00e9line Bag, Vintage Crossbody Bags . Perfect for adding a touch of classic style to any outfit, our curated collection features authentic, high-quality pieces that stand the test of time.\" \/>\n<meta property=\"og:url\" content=\"https:\/\/www.vintagebrandbag.com\/de\/celine-leather-triomphe-crossbody-bag\/\" \/>\n<meta property=\"og:site_name\" content=\"Vintage Brand Bag\" \/>\n<meta property=\"article:modified_time\" content=\"2024-06-23T10:25:57+00:00\" \/>\n<meta property=\"og:image\" content=\"https:\/\/www.vintagebrandbag.com\/wp-content\/uploads\/2024\/06\/b-fa-a-original.jpeg\" \/>\n\t<meta property=\"og:image:width\" content=\"1200\" \/>\n\t<meta property=\"og:image:height\" content=\"1200\" \/>\n\t<meta property=\"og:image:type\" content=\"image\/jpeg\" \/>\n<meta name=\"twitter:card\" content=\"summary_large_image\" \/>\n<meta name=\"twitter:label1\" content=\"Gesch\u00e4tzte Lesezeit\" \/>\n\t<meta name=\"twitter:data1\" content=\"2\u00a0Minuten\" \/>\n<script type=\"application\/ld+json\" class=\"yoast-schema-graph\">{\"@context\":\"https:\/\/schema.org\",\"@graph\":[{\"@type\":\"WebPage\",\"@id\":\"https:\/\/www.vintagebrandbag.com\/celine-leather-triomphe-crossbody-bag\/\",\"url\":\"https:\/\/www.vintagebrandbag.com\/celine-leather-triomphe-crossbody-bag\/\",\"name\":\"CELINE Leather Triomphe Crossbody Bag &#8226; Vintage Brand Bag\",\"isPartOf\":{\"@id\":\"https:\/\/www.vintagebrandbag.com\/#website\"},\"primaryImageOfPage\":{\"@id\":\"https:\/\/www.vintagebrandbag.com\/celine-leather-triomphe-crossbody-bag\/#primaryimage\"},\"image\":{\"@id\":\"https:\/\/www.vintagebrandbag.com\/celine-leather-triomphe-crossbody-bag\/#primaryimage\"},\"thumbnailUrl\":\"https:\/\/www.vintagebrandbag.com\/wp-content\/uploads\/2024\/06\/b-fa-a-original.jpeg\",\"datePublished\":\"2024-06-20T08:06:55+00:00\",\"dateModified\":\"2024-06-23T10:25:57+00:00\",\"description\":\"Discover the timeless elegance of our Celebrity Favorites, Limited Editions, Vintage C\u00e9line Bag, Vintage Crossbody Bags . Perfect for adding a touch of classic style to any outfit, our curated collection features authentic, high-quality pieces that stand the test of time.\",\"breadcrumb\":{\"@id\":\"https:\/\/www.vintagebrandbag.com\/celine-leather-triomphe-crossbody-bag\/#breadcrumb\"},\"inLanguage\":\"de\",\"potentialAction\":[{\"@type\":\"ReadAction\",\"target\":[\"https:\/\/www.vintagebrandbag.com\/celine-leather-triomphe-crossbody-bag\/\"]}]},{\"@type\":\"ImageObject\",\"inLanguage\":\"de\",\"@id\":\"https:\/\/www.vintagebrandbag.com\/celine-leather-triomphe-crossbody-bag\/#primaryimage\",\"url\":\"https:\/\/www.vintagebrandbag.com\/wp-content\/uploads\/2024\/06\/b-fa-a-original.jpeg\",\"contentUrl\":\"https:\/\/www.vintagebrandbag.com\/wp-content\/uploads\/2024\/06\/b-fa-a-original.jpeg\",\"width\":1200,\"height\":1200,\"caption\":\"CELINE Leather Triomphe Crossbody Bag\"},{\"@type\":\"BreadcrumbList\",\"@id\":\"https:\/\/www.vintagebrandbag.com\/celine-leather-triomphe-crossbody-bag\/#breadcrumb\",\"itemListElement\":[{\"@type\":\"ListItem\",\"position\":1,\"name\":\"Home\",\"item\":\"https:\/\/www.vintagebrandbag.com\/\"},{\"@type\":\"ListItem\",\"position\":2,\"name\":\"Home\",\"item\":\"https:\/\/www.vintagebrandbag.com\/home-v7\/\"},{\"@type\":\"ListItem\",\"position\":3,\"name\":\"CELINE Leather Triomphe Crossbody Bag\"}]},{\"@type\":\"WebSite\",\"@id\":\"https:\/\/www.vintagebrandbag.com\/#website\",\"url\":\"https:\/\/www.vintagebrandbag.com\/\",\"name\":\"Vintage Brand Bag\",\"description\":\"\",\"potentialAction\":[{\"@type\":\"SearchAction\",\"target\":{\"@type\":\"EntryPoint\",\"urlTemplate\":\"https:\/\/www.vintagebrandbag.com\/?s={search_term_string}\"},\"query-input\":\"required name=search_term_string\"}],\"inLanguage\":\"de\"}]}<\/script>\n<!-- \/ Yoast SEO plugin. -->","yoast_head_json":{"title":"CELINE Leather Triomphe Crossbody Bag &#8226; Vintage Brand Bag","description":"Discover the timeless elegance of our Celebrity Favorites, Limited Editions, Vintage C\u00e9line Bag, Vintage Crossbody Bags . Perfect for adding a touch of classic style to any outfit, our curated collection features authentic, high-quality pieces that stand the test of time.","robots":{"index":"index","follow":"follow","max-snippet":"max-snippet:-1","max-image-preview":"max-image-preview:large","max-video-preview":"max-video-preview:-1"},"canonical":"https:\/\/www.vintagebrandbag.com\/de\/celine-leather-triomphe-crossbody-bag\/","og_locale":"de_DE","og_type":"article","og_title":"CELINE Leather Triomphe Crossbody Bag &#8226; Vintage Brand Bag","og_description":"Discover the timeless elegance of our Celebrity Favorites, Limited Editions, Vintage C\u00e9line Bag, Vintage Crossbody Bags . Perfect for adding a touch of classic style to any outfit, our curated collection features authentic, high-quality pieces that stand the test of time.","og_url":"https:\/\/www.vintagebrandbag.com\/de\/celine-leather-triomphe-crossbody-bag\/","og_site_name":"Vintage Brand Bag","article_modified_time":"2024-06-23T10:25:57+00:00","og_image":[{"width":1200,"height":1200,"url":"https:\/\/www.vintagebrandbag.com\/wp-content\/uploads\/2024\/06\/b-fa-a-original.jpeg","type":"image\/jpeg"}],"twitter_card":"summary_large_image","twitter_misc":{"Gesch\u00e4tzte Lesezeit":"2\u00a0Minuten"},"schema":{"@context":"https:\/\/schema.org","@graph":[{"@type":"WebPage","@id":"https:\/\/www.vintagebrandbag.com\/celine-leather-triomphe-crossbody-bag\/","url":"https:\/\/www.vintagebrandbag.com\/celine-leather-triomphe-crossbody-bag\/","name":"CELINE Leather Triomphe Crossbody Bag &#8226; Vintage Brand Bag","isPartOf":{"@id":"https:\/\/www.vintagebrandbag.com\/#website"},"primaryImageOfPage":{"@id":"https:\/\/www.vintagebrandbag.com\/celine-leather-triomphe-crossbody-bag\/#primaryimage"},"image":{"@id":"https:\/\/www.vintagebrandbag.com\/celine-leather-triomphe-crossbody-bag\/#primaryimage"},"thumbnailUrl":"https:\/\/www.vintagebrandbag.com\/wp-content\/uploads\/2024\/06\/b-fa-a-original.jpeg","datePublished":"2024-06-20T08:06:55+00:00","dateModified":"2024-06-23T10:25:57+00:00","description":"Discover the timeless elegance of our Celebrity Favorites, Limited Editions, Vintage C\u00e9line Bag, Vintage Crossbody Bags . Perfect for adding a touch of classic style to any outfit, our curated collection features authentic, high-quality pieces that stand the test of time.","breadcrumb":{"@id":"https:\/\/www.vintagebrandbag.com\/celine-leather-triomphe-crossbody-bag\/#breadcrumb"},"inLanguage":"de","potentialAction":[{"@type":"ReadAction","target":["https:\/\/www.vintagebrandbag.com\/celine-leather-triomphe-crossbody-bag\/"]}]},{"@type":"ImageObject","inLanguage":"de","@id":"https:\/\/www.vintagebrandbag.com\/celine-leather-triomphe-crossbody-bag\/#primaryimage","url":"https:\/\/www.vintagebrandbag.com\/wp-content\/uploads\/2024\/06\/b-fa-a-original.jpeg","contentUrl":"https:\/\/www.vintagebrandbag.com\/wp-content\/uploads\/2024\/06\/b-fa-a-original.jpeg","width":1200,"height":1200,"caption":"CELINE Leather Triomphe Crossbody Bag"},{"@type":"BreadcrumbList","@id":"https:\/\/www.vintagebrandbag.com\/celine-leather-triomphe-crossbody-bag\/#breadcrumb","itemListElement":[{"@type":"ListItem","position":1,"name":"Home","item":"https:\/\/www.vintagebrandbag.com\/"},{"@type":"ListItem","position":2,"name":"Home","item":"https:\/\/www.vintagebrandbag.com\/home-v7\/"},{"@type":"ListItem","position":3,"name":"CELINE Leather Triomphe Crossbody Bag"}]},{"@type":"WebSite","@id":"https:\/\/www.vintagebrandbag.com\/#website","url":"https:\/\/www.vintagebrandbag.com\/","name":"Vintage Brand Bag","description":"","potentialAction":[{"@type":"SearchAction","target":{"@type":"EntryPoint","urlTemplate":"https:\/\/www.vintagebrandbag.com\/?s={search_term_string}"},"query-input":"required name=search_term_string"}],"inLanguage":"de"}]}},"_links":{"self":[{"href":"https:\/\/www.vintagebrandbag.com\/de\/wp-json\/wp\/v2\/product\/3527","targetHints":{"allow":["GET"]}}],"collection":[{"href":"https:\/\/www.vintagebrandbag.com\/de\/wp-json\/wp\/v2\/product"}],"about":[{"href":"https:\/\/www.vintagebrandbag.com\/de\/wp-json\/wp\/v2\/types\/product"}],"replies":[{"embeddable":true,"href":"https:\/\/www.vintagebrandbag.com\/de\/wp-json\/wp\/v2\/comments?post=3527"}],"version-history":[{"count":1,"href":"https:\/\/www.vintagebrandbag.com\/de\/wp-json\/wp\/v2\/product\/3527\/revisions"}],"predecessor-version":[{"id":8371,"href":"https:\/\/www.vintagebrandbag.com\/de\/wp-json\/wp\/v2\/product\/3527\/revisions\/8371"}],"wp:featuredmedia":[{"embeddable":true,"href":"https:\/\/www.vintagebrandbag.com\/de\/wp-json\/wp\/v2\/media\/10951"}],"wp:attachment":[{"href":"https:\/\/www.vintagebrandbag.com\/de\/wp-json\/wp\/v2\/media?parent=3527"}],"wp:term":[{"taxonomy":"product_brand","embeddable":true,"href":"https:\/\/www.vintagebrandbag.com\/de\/wp-json\/wp\/v2\/product_brand?post=3527"},{"taxonomy":"product_cat","embeddable":true,"href":"https:\/\/www.vintagebrandbag.com\/de\/wp-json\/wp\/v2\/product_cat?post=3527"},{"taxonomy":"product_tag","embeddable":true,"href":"https:\/\/www.vintagebrandbag.com\/de\/wp-json\/wp\/v2\/product_tag?post=3527"}],"curies":[{"name":"wp","href":"https:\/\/api.w.org\/{rel}","templated":true}]}}